{"id":82,"date":"2026-03-04T17:27:31","date_gmt":"2026-03-04T17:27:31","guid":{"rendered":"https:\/\/terretatech.org\/asociacion\/?page_id=82"},"modified":"2026-03-04T18:48:44","modified_gmt":"2026-03-04T18:48:44","slug":"objetivos","status":"publish","type":"page","link":"https:\/\/terretatech.org\/asociacion\/objetivos\/","title":{"rendered":"Objetivos"},"content":{"rendered":"\n<style>\n.bloque-animado {\n    background: #ffffff;\n    padding: 40px;\n    border-radius: 18px;\n    max-width: 900px;\n    margin: 40px auto;\n    box-shadow: 0 8px 20px rgba(0,0,0,0.08);\n    opacity: 0;\n    animation: aparecer 1.2s ease forwards;\n}\n\n\/* Animaci\u00f3n *\/\n@keyframes aparecer {\n    from {\n        opacity: 0;\n        transform: translateY(25px);\n    }\n    to {\n        opacity: 1;\n        transform: translateY(0);\n    }\n}\n\n.bloque-animado h1 {\n    font-size: 32px;\n    margin-bottom: 20px;\n    text-align: left;\n}\n\n.bloque-animado p {\n    font-size: 18px;\n    line-height: 1.6;\n    text-align: left;\n}\n<\/style>\n\n<div class=\"bloque-animado\">\n    <h1>Objetivos<\/h1>\n    <p>\nTerretaTech persigue transformar la realidad de Valencia a trav\u00e9s de 5 \u00e1reas: <br>\n<br>\nConocimiento<br>\nNueva econom\u00eda<br>\nTecnolog\u00eda y Redes<br>\nDesarrollo profesional<br>\nConstrucci\u00f3n de comunidad<br>\n<br>\nCada una de est\u00e1s \u00e1reas ser\u00e1 abordada desde diferentes puntos de vista y desarrollada mediante las acciones que resulten m\u00e1s afines para su puesta en valor y la participaci\u00f3n tanto de socios como de interesados.\n<br>\nPara llevar a cabo esta transformaci\u00f3n TerretaTech desarrolla sus actividades en 6 l\u00edneas de acci\u00f3n:<br>\n<br>\nFormaci\u00f3n<br>\nOrganizaci\u00f3n de Eventos y Acciones participativas<br>\nAsesoramiento y Consultor\u00eda<br>\nInvestigaci\u00f3n, Desarrollo e Innovaci\u00f3n<br>\nRed de inversores de cercan\u00eda<br>\nDesarrollo de comunidad<br> <br>\nSiempre considerando la Asociaci\u00f3n como un ente vivo y org\u00e1nico, con la necesidad de evolucionar de forma constante, buscando la implicaci\u00f3n y compromiso de sus asociados.    <\/p>\n<\/div>\n\n\n\n<style>\n.bloque-animado2 {\n    background: linear-gradient(135deg, #47C4C4, #1A73E8);\n    padding: 40px;\n    border-radius: 18px;\n    max-width: 350px;\n    margin: 40px auto;\n    box-shadow: 0 8px 20px rgba(0,0,0,0.15);\n    opacity: 0;\n    animation: aparecer 1.2s ease forwards;\n    color: white;\n}\n\n\/* Animaci\u00f3n *\/\n@keyframes aparecer {\n    from {\n        opacity: 0;\n        transform: translateY(25px);\n    }\n    to {\n        opacity: 1;\n        transform: translateY(0);\n    }\n}\n\n.bloque-animado2 h1 {\n    font-size: 32px;\n    margin-bottom: 20px;\n    text-align: center;\n}\n\n.bloque-animado2 p {\n    font-size: 18px;\n    line-height: 1.6;\n    text-align: center;\n}\n\n\/* Contenedor para centrar el bot\u00f3n *\/\n.boton-centro {\n    text-align: center;\n    margin-top: 25px;\n}\n\n\/* Bot\u00f3n *\/\n.boton-enlace {\n    display: inline-block;\n    padding: 12px 25px;\n    background: white;\n    color: #1A73E8;\n    font-size: 18px;\n    font-weight: bold;\n    border-radius: 10px;\n    text-decoration: none;\n    transition: 0.3s ease;\n}\n\n.boton-enlace:hover {\n    background: #e6e6e6;\n}\n<\/style>\n\n<div class=\"bloque-animado2\">\n    <h1>\u00a1\u00danete!<\/h1>\n    <div class=\"boton-centro\">\n        <a href=\"https:\/\/terretatech.org\/asociacion\/hazte-socio\/\" class=\"boton-enlace\">Unete a nosotros<\/a>\n    <\/div>\n<\/div>\n\n\n\n<div style=\"height:100px\" aria-hidden=\"true\" class=\"wp-block-spacer\"><\/div>\n\n\n\n<div class=\"footer-contacto\">\n    <h2>Contacto<\/h2>\n    <p>Si quieres ponerte en contacto con nosotros, estaremos encantados de ayudarte. <br>\ninfo@terretatech.org | +34 642 68 88 82 | Puerto Sagunto-Valencia \n\n    <\/p>\n\n   \n<\/div>\n","protected":false},"excerpt":{"rendered":"<p>Objetivos TerretaTech persigue transformar la realidad de Valencia a trav\u00e9s de 5 \u00e1reas: Conocimiento Nueva econom\u00eda Tecnolog\u00eda y Redes Desarrollo profesional Construcci\u00f3n de comunidad Cada una de est\u00e1s \u00e1reas ser\u00e1 abordada desde diferentes puntos de vista y desarrollada mediante las acciones que resulten m\u00e1s afines para su puesta en valor y la participaci\u00f3n tanto de [&hellip;]<\/p>\n","protected":false},"author":2,"featured_media":0,"parent":0,"menu_order":0,"comment_status":"closed","ping_status":"closed","template":"","meta":{"footnotes":""},"class_list":["post-82","page","type-page","status-publish","hentry"],"blocksy_meta":[],"_hostinger_reach_plugin_has_subscription_block":false,"_hostinger_reach_plugin_is_elementor":false,"_links":{"self":[{"href":"https:\/\/terretatech.org\/asociacion\/wp-json\/wp\/v2\/pages\/82","targetHints":{"allow":["GET"]}}],"collection":[{"href":"https:\/\/terretatech.org\/asociacion\/wp-json\/wp\/v2\/pages"}],"about":[{"href":"https:\/\/terretatech.org\/asociacion\/wp-json\/wp\/v2\/types\/page"}],"author":[{"embeddable":true,"href":"https:\/\/terretatech.org\/asociacion\/wp-json\/wp\/v2\/users\/2"}],"replies":[{"embeddable":true,"href":"https:\/\/terretatech.org\/asociacion\/wp-json\/wp\/v2\/comments?post=82"}],"version-history":[{"count":5,"href":"https:\/\/terretatech.org\/asociacion\/wp-json\/wp\/v2\/pages\/82\/revisions"}],"predecessor-version":[{"id":120,"href":"https:\/\/terretatech.org\/asociacion\/wp-json\/wp\/v2\/pages\/82\/revisions\/120"}],"wp:attachment":[{"href":"https:\/\/terretatech.org\/asociacion\/wp-json\/wp\/v2\/media?parent=82"}],"curies":[{"name":"wp","href":"https:\/\/api.w.org\/{rel}","templated":true}]}}