{"id":241,"date":"2026-03-11T10:26:55","date_gmt":"2026-03-11T10:26:55","guid":{"rendered":"https:\/\/terretatech.org\/asociacion\/?page_id=241"},"modified":"2026-03-11T11:50:49","modified_gmt":"2026-03-11T11:50:49","slug":"live-starters","status":"publish","type":"page","link":"https:\/\/terretatech.org\/asociacion\/live-starters\/","title":{"rendered":"Live Starters"},"content":{"rendered":"\n<style>\n    .corporate-title {\n        font-family: \"Segoe UI\", Arial, sans-serif;\n        font-size: 38px;\n        font-weight: 600;\n        color: #1a1a1a;\n        text-align: center;\n        padding-bottom: 12px;\n        margin: 40px auto 20px;\n        max-width: 900px;\n        border-bottom: 3px solid #0056b3;\n\n        opacity: 0;\n        transform: translateY(25px);\n        transition: all 0.7s ease;\n    }\n\n    .corporate-title.visible {\n        opacity: 1;\n        transform: translateY(0);\n    }\n<\/style>\n\n<h1 class=\"corporate-title\">Live Starters<\/h1>\n\n<script>\n    const title = document.querySelector('.corporate-title');\n\n    const observer = new IntersectionObserver(entries => {\n        entries.forEach(entry => {\n            if (entry.isIntersecting) {\n                title.classList.add('visible');\n                observer.unobserve(title);\n            }\n        });\n    }, { threshold: 0.2 });\n\n    observer.observe(title);\n<\/script>\n\n\n\n<style>\n    .content-box {\n        background: #ffffff;\n        padding: 30px;\n        border-radius: 18px;\n        box-shadow: 0 4px 14px rgba(0,0,0,0.12);\n        max-width: 850px;\n        margin: 40px auto;\n        opacity: 0;\n        transform: translateY(30px);\n        animation: fadeSlideIn 1s ease forwards;\n    }\n\n    @keyframes fadeSlideIn {\n        from {\n            opacity: 0;\n            transform: translateY(30px);\n        }\n        to {\n            opacity: 1;\n            transform: translateY(0);\n        }\n    }\n\n    .text-block {\n        font-family: Arial, sans-serif;\n        font-size: 20px;\n        line-height: 1.7;\n        color: #333;\n    }\n\n    .text-block h1 {\n        margin-top: 0;\n        font-size: 32px;\n        font-weight: 700;\n        color: #111;\n    }\n<\/style>\n\n<div class=\"content-box\">\n    <div class=\"text-block\">\n        <h1>Despega tu carrera como creador en solo 2 horas.<\/h1>\n        <p>Aprende a monetizar tus emisiones LIVE, domina las herramientas que te har\u00e1n crecer y con\u00e9ctate con marcas y otros creadores. En este evento, te daremos las claves para empezar a generar ingresos con tu contenido, con el respaldo de los expertos de LinkedInfluences.<\/p>\n    <\/div>\n<\/div>\n\n\n\n<div style=\"height:100px\" aria-hidden=\"true\" class=\"wp-block-spacer\"><\/div>\n\n\n\n<style>\n    .content-box {\n        background: #ffffff;\n        padding: 30px;\n        border-radius: 18px;\n        box-shadow: 0 4px 14px rgba(0,0,0,0.12);\n        max-width: 850px;\n        margin: 40px auto;\n        opacity: 0;\n        transform: translateY(30px);\n        animation: fadeSlideIn 1s ease forwards;\n    }\n\n    @keyframes fadeSlideIn {\n        from {\n            opacity: 0;\n            transform: translateY(30px);\n        }\n        to {\n            opacity: 1;\n            transform: translateY(0);\n        }\n    }\n\n    .text-block {\n        font-family: Arial, sans-serif;\n        font-size: 20px;\n        line-height: 1.7;\n        color: #333;\n    }\n\n    .text-block h1 {\n        margin-top: 0;\n        font-size: 32px;\n        font-weight: 700;\n        color: #111;\n    }\n<\/style>\n\n<div class=\"content-box\">\n    <div class=\"text-block\">\n        <h1>Conecta con los expertos y la comunidad<\/h1>\n        <p>Contaremos con speakers que son referentes en la creaci\u00f3n de contenido en vivo y la monetizaci\u00f3n. Adem\u00e1s, hemos dise\u00f1ado un espacio de networking para que conozcas a otros creadores, compartas experiencias y crees nuevas sinergias.<\/p>\n    <\/div>\n<\/div>\n\n\n\n<div class=\"wp-block-buttons is-content-justification-center is-layout-flex wp-container-core-buttons-is-layout-a89b3969 wp-block-buttons-is-layout-flex\">\n<div class=\"wp-block-button has-custom-width wp-block-button__width-50\"><a class=\"wp-block-button__link has-large-font-size has-custom-font-size wp-element-button\" href=\"https:\/\/events.linkedinfluences.com\/#registro\" style=\"border-top-left-radius:53px;border-top-right-radius:53px;border-bottom-left-radius:53px;border-bottom-right-radius:53px\">\u00a1Inscr\u00edbete ya!<\/a><\/div>\n<\/div>\n\n\n\n<figure class=\"wp-block-video\"><\/figure>\n\n\n\n<p><\/p>\n","protected":false},"excerpt":{"rendered":"<p>Live Starters Despega tu carrera como creador en solo 2 horas. Aprende a monetizar tus emisiones LIVE, domina las herramientas que te har\u00e1n crecer y con\u00e9ctate con marcas y otros creadores. En este evento, te daremos las claves para empezar a generar ingresos con tu contenido, con el respaldo de los expertos de LinkedInfluences. Conecta [&hellip;]<\/p>\n","protected":false},"author":2,"featured_media":0,"parent":0,"menu_order":0,"comment_status":"closed","ping_status":"closed","template":"","meta":{"footnotes":""},"class_list":["post-241","page","type-page","status-publish","hentry"],"blocksy_meta":[],"_hostinger_reach_plugin_has_subscription_block":false,"_hostinger_reach_plugin_is_elementor":false,"_links":{"self":[{"href":"https:\/\/terretatech.org\/asociacion\/wp-json\/wp\/v2\/pages\/241","targetHints":{"allow":["GET"]}}],"collection":[{"href":"https:\/\/terretatech.org\/asociacion\/wp-json\/wp\/v2\/pages"}],"about":[{"href":"https:\/\/terretatech.org\/asociacion\/wp-json\/wp\/v2\/types\/page"}],"author":[{"embeddable":true,"href":"https:\/\/terretatech.org\/asociacion\/wp-json\/wp\/v2\/users\/2"}],"replies":[{"embeddable":true,"href":"https:\/\/terretatech.org\/asociacion\/wp-json\/wp\/v2\/comments?post=241"}],"version-history":[{"count":9,"href":"https:\/\/terretatech.org\/asociacion\/wp-json\/wp\/v2\/pages\/241\/revisions"}],"predecessor-version":[{"id":255,"href":"https:\/\/terretatech.org\/asociacion\/wp-json\/wp\/v2\/pages\/241\/revisions\/255"}],"wp:attachment":[{"href":"https:\/\/terretatech.org\/asociacion\/wp-json\/wp\/v2\/media?parent=241"}],"curies":[{"name":"wp","href":"https:\/\/api.w.org\/{rel}","templated":true}]}}