{"id":222,"date":"2026-03-11T09:20:52","date_gmt":"2026-03-11T09:20:52","guid":{"rendered":"https:\/\/terretatech.org\/asociacion\/?page_id=222"},"modified":"2026-03-11T17:41:24","modified_gmt":"2026-03-11T17:41:24","slug":"hackathon-vibe-a-start-up","status":"publish","type":"page","link":"https:\/\/terretatech.org\/asociacion\/hackathon-vibe-a-start-up\/","title":{"rendered":"VibeHack &#8211; Hackathon Vibe a Start Up"},"content":{"rendered":"\n<p class=\"has-text-align-center has-white-background-color has-background has-medium-font-size\" style=\"border-top-left-radius:68px;border-top-right-radius:68px;border-bottom-left-radius:68px;border-bottom-right-radius:68px;padding-top:var(--wp--preset--spacing--30);padding-right:0;padding-bottom:var(--wp--preset--spacing--30);padding-left:0\"><strong>Terreta Hub<\/strong> organizar\u00e1 la primera <strong>hackathon vibe coding<\/strong> en Espa\u00f1a que<br>aplica la metodolog\u00eda revolucionaria \u00ab72h Go to Market\u00bb. Durante 72 horas,<br>los equipos no s\u00f3lo crear\u00e1n prototipos, sino que<strong><em> lanzar\u00e1n productos reales<\/em><\/strong><br>al mercado generando usuarios y ventas reales.<\/p>\n\n\n\n<figure class=\"wp-block-image aligncenter size-large has-custom-border\"><img loading=\"lazy\" decoding=\"async\" width=\"1024\" height=\"409\" src=\"https:\/\/terretatech.org\/asociacion\/wp-content\/uploads\/2026\/03\/img12-1024x409.jpg\" alt=\"\" class=\"wp-image-231\" style=\"border-top-left-radius:63px;border-top-right-radius:63px;border-bottom-left-radius:63px;border-bottom-right-radius:63px\" srcset=\"https:\/\/terretatech.org\/asociacion\/wp-content\/uploads\/2026\/03\/img12-1024x409.jpg 1024w, https:\/\/terretatech.org\/asociacion\/wp-content\/uploads\/2026\/03\/img12-300x120.jpg 300w, https:\/\/terretatech.org\/asociacion\/wp-content\/uploads\/2026\/03\/img12-768x306.jpg 768w, https:\/\/terretatech.org\/asociacion\/wp-content\/uploads\/2026\/03\/img12-1536x613.jpg 1536w, https:\/\/terretatech.org\/asociacion\/wp-content\/uploads\/2026\/03\/img12-2048x817.jpg 2048w\" sizes=\"auto, (max-width: 1024px) 100vw, 1024px\" \/><\/figure>\n\n\n\n<div style=\"font-family: Arial, sans-serif; max-width: 650px; margin: 20px auto; background: #ffffff; padding: 25px; border-radius: 12px; box-shadow: 0 2px 8px rgba(0,0,0,0.1);\">\n\n    <h2 style=\"text-align: center; margin-bottom: 20px;\">Informaci\u00f3n del Evento<\/h2>\n\n    <div style=\"border: 1px solid #ddd; padding: 15px; border-radius: 10px; margin-bottom: 12px;\">\n        <strong>Duraci\u00f3n:<\/strong> 3 d\u00edas\n    <\/div>\n\n    <div style=\"border: 1px solid #ddd; padding: 15px; border-radius: 10px; margin-bottom: 12px;\">\n        <strong>Fecha:<\/strong> Entre el 07 y 09 de Noviembre\n    <\/div>\n\n    <div style=\"border: 1px solid #ddd; padding: 15px; border-radius: 10px; margin-bottom: 12px;\">\n        <strong>Ubicaci\u00f3n:<\/strong> Facultad de Telecomunicaciones, Universidad Polit\u00e9cnica de Valencia\n    <\/div>\n\n    <div style=\"border: 1px solid #ddd; padding: 15px; border-radius: 10px; margin-bottom: 12px;\">\n        <strong>Formato:<\/strong> Presencial, con algunas charlas transmitidas por streaming para maximizar el alcance global. \n        Se alentar\u00e1 a los participantes a subir sus materiales para que todos los proyectos sean mostrados dentro de la plataforma de Terreta Hub.\n    <\/div>\n\n    <div style=\"border: 1px solid #ddd; padding: 15px; border-radius: 10px;\">\n        <strong>Equipos:<\/strong> Con libertad para formarse en el evento o venir con un equipo ya consolidado. Tambi\u00e9n est\u00e1 permitido trabajar en solitario.\n    <\/div>\n\n<\/div>\n\n\n\n<style>\n    .content-box {\n        background: #ffffff;\n        padding: 25px;\n        border-radius: 15px;\n        box-shadow: 0 2px 10px rgba(0,0,0,0.1);\n        max-width: 800px;\n        margin: 40px auto;\n    }\n\n    .fade-in-right {\n        opacity: 0;\n        transform: translateX(40px);\n        transition: all 0.8s ease;\n    }\n\n    .fade-in-right.visible {\n        opacity: 1;\n        transform: translateX(0);\n    }\n\n    .text-block {\n        margin-bottom: 22px;\n        font-family: Arial, sans-serif;\n        font-size: 18px;\n        line-height: 1.6;\n    }\n<\/style>\n\n<div class=\"content-box\">\n\n    <div class=\"fade-in-right text-block\">\n<h1> \u00bfVibeHack, que es?<\/h1>\n        <p>VibeHack nace con un prop\u00f3sito claro: impulsar el desarrollo de proyectos viables y preparados para ser lanzados al mercado, ya sea como una iniciativa independiente o como el punto de partida de algo mucho m\u00e1s grande. Este evento representa una oportunidad \u00fanica para transformar ideas en soluciones reales dentro de un entorno colaborativo y altamente creativo.<\/p>\n    <\/div>\n\n    <div class=\"fade-in-right text-block\">\n        <p>Nuestra propuesta es, sin duda, una revoluci\u00f3n en camino. VibeHack es la primera hackathon de Vibe Coding en Espa\u00f1a y llega para marcar un antes y un despu\u00e9s. No se trata de esperar a que la inteligencia artificial siga avanzando, sino de sumarse a una metodolog\u00eda que ya ha demostrado su eficacia en otros ecosistemas. Es una invitaci\u00f3n a formar parte de un movimiento que est\u00e1 redefiniendo la forma de crear, innovar y emprender.<\/p>\n    <\/div>\n\n    <div class=\"fade-in-right text-block\">\n        <p>Si es de su inter\u00e9s contribuir a que este Hackathon se convierta en un evento verdaderamente transformador, a\u00fan contamos con un cupo disponible para Main Sponsor y varias plazas para co-sponsors. Para conocer m\u00e1s detalles, seguir de cerca las novedades o ponerse en contacto con la organizaci\u00f3n, pueden hacerlo  <a href=\"https:\/\/vibehack.terretatech.org\/\" target=\"_blank\">aqu\u00ed<\/a>.\n<\/p>\n    <\/div>\n\n<\/div>\n\n<script>\n    const elements = document.querySelectorAll('.fade-in-right');\n\n    const observer = new IntersectionObserver(entries => {\n        entries.forEach(entry => {\n            if (entry.isIntersecting) {\n                entry.target.classList.add('visible');\n                observer.unobserve(entry.target);\n            }\n        });\n    }, { threshold: 0.2 });\n\n    elements.forEach(el => observer.observe(el));\n<\/script>\n","protected":false},"excerpt":{"rendered":"<p>Terreta Hub organizar\u00e1 la primera hackathon vibe coding en Espa\u00f1a queaplica la metodolog\u00eda revolucionaria \u00ab72h Go to Market\u00bb. Durante 72 horas,los equipos no s\u00f3lo crear\u00e1n prototipos, sino que lanzar\u00e1n productos realesal mercado generando usuarios y ventas reales. Informaci\u00f3n del Evento Duraci\u00f3n: 3 d\u00edas Fecha: Entre el 07 y 09 de Noviembre Ubicaci\u00f3n: Facultad de Telecomunicaciones, [&hellip;]<\/p>\n","protected":false},"author":2,"featured_media":0,"parent":0,"menu_order":0,"comment_status":"closed","ping_status":"closed","template":"","meta":{"footnotes":""},"class_list":["post-222","page","type-page","status-publish","hentry"],"blocksy_meta":[],"_hostinger_reach_plugin_has_subscription_block":false,"_hostinger_reach_plugin_is_elementor":false,"_links":{"self":[{"href":"https:\/\/terretatech.org\/asociacion\/wp-json\/wp\/v2\/pages\/222","targetHints":{"allow":["GET"]}}],"collection":[{"href":"https:\/\/terretatech.org\/asociacion\/wp-json\/wp\/v2\/pages"}],"about":[{"href":"https:\/\/terretatech.org\/asociacion\/wp-json\/wp\/v2\/types\/page"}],"author":[{"embeddable":true,"href":"https:\/\/terretatech.org\/asociacion\/wp-json\/wp\/v2\/users\/2"}],"replies":[{"embeddable":true,"href":"https:\/\/terretatech.org\/asociacion\/wp-json\/wp\/v2\/comments?post=222"}],"version-history":[{"count":12,"href":"https:\/\/terretatech.org\/asociacion\/wp-json\/wp\/v2\/pages\/222\/revisions"}],"predecessor-version":[{"id":361,"href":"https:\/\/terretatech.org\/asociacion\/wp-json\/wp\/v2\/pages\/222\/revisions\/361"}],"wp:attachment":[{"href":"https:\/\/terretatech.org\/asociacion\/wp-json\/wp\/v2\/media?parent=222"}],"curies":[{"name":"wp","href":"https:\/\/api.w.org\/{rel}","templated":true}]}}