{"id":184,"date":"2026-03-05T19:20:27","date_gmt":"2026-03-05T19:20:27","guid":{"rendered":"https:\/\/terretatech.org\/asociacion\/?page_id=184"},"modified":"2026-03-06T09:34:59","modified_gmt":"2026-03-06T09:34:59","slug":"valencia-startup-weekend","status":"publish","type":"page","link":"https:\/\/terretatech.org\/asociacion\/valencia-startup-weekend\/","title":{"rendered":"Valencia StartUp Weekend"},"content":{"rendered":"\n<div class=\"wp-block-group has-white-background-color has-background is-layout-constrained wp-block-group-is-layout-constrained\" style=\"border-top-left-radius:83px;border-top-right-radius:83px;border-bottom-left-radius:83px;border-bottom-right-radius:83px\">\n<div class=\"wp-block-group is-layout-constrained wp-block-group-is-layout-constrained\">\n<div class=\"wp-block-group is-layout-constrained wp-block-group-is-layout-constrained\">\n<div class=\"wp-block-group is-layout-constrained wp-block-group-is-layout-constrained\">\n<div class=\"wp-block-group is-layout-constrained wp-block-group-is-layout-constrained\">\n<div class=\"wp-block-group is-layout-constrained wp-block-group-is-layout-constrained\">\n<div class=\"wp-block-group is-layout-constrained wp-block-group-is-layout-constrained\">\n<div class=\"wp-block-group is-layout-constrained wp-block-group-is-layout-constrained\">\n<figure class=\"wp-block-image size-full is-resized\"><img loading=\"lazy\" decoding=\"async\" width=\"600\" height=\"254\" src=\"https:\/\/terretatech.org\/asociacion\/wp-content\/uploads\/2026\/03\/StartUpWeekend_Google_Image.png\" alt=\"\" class=\"wp-image-193\" style=\"width:544px;height:auto\" srcset=\"https:\/\/terretatech.org\/asociacion\/wp-content\/uploads\/2026\/03\/StartUpWeekend_Google_Image.png 600w, https:\/\/terretatech.org\/asociacion\/wp-content\/uploads\/2026\/03\/StartUpWeekend_Google_Image-300x127.png 300w\" sizes=\"auto, (max-width: 600px) 100vw, 600px\" \/><\/figure>\n<\/div>\n\n\n\n<p><strong>Valencia Startup Weekend\u00a0<\/strong>es uno de los eventos para emprendedores e intraemprendedores m\u00e1s extendido por todo el mundo. Promovido por\u00a0<strong>Techstars\u00a0<\/strong>y apoyado por\u00a0<strong>Google for Entrepreneurs<\/strong>, entre otros a nivel internacional, con el objetivo de formar y fomentar en el mundo del emprendimiento.\u00a0<strong>Valencia Startup Weekend<\/strong>\u00a0es una oportunidad\u00a0<strong>\u00fanica<\/strong>\u00a0para aprender a desarrollar una idea de negocio y hacerla realidad aprendiendo en tiempo r\u00e9cord las etapas necesarias para\u00a0iniciar una startup\u00a0y establecer contactos fundamentales con otros profesionales de la industria.<\/p>\n<\/div>\n\n\n\n<p>En cada edici\u00f3n los participantes (dise\u00f1adores, desarrolladores, profesionales del marketing o emprendedores en general) compartir\u00e1n ideas de negocio y desarrollar\u00e1n una startup en 54 horas apoyados por la figura de los mentores y la organizaci\u00f3n. Al participar en Startup Weekend, adem\u00e1s, pasan a formar de una comunidad que cuenta con m\u00e1s de 45.000 alumnos en todo el mundo.<\/p>\n<\/div>\n\n\n\n<p><strong>Valencia Startup Weekend<\/strong>\u00a0es una red global de emprendedores con el objetivo de inspirar, educar e impulsar a individuos, equipos y comunidades interesados en compartir ideas y lanzar startups.<\/p>\n\n\n\n<p>TerretaTech ayuda a la\u00a0<strong>coordinaci\u00f3n<\/strong>\u00a0del evento en Valencia a trav\u00e9s de sus socios.<\/p>\n<\/div>\n\n\n\n<hr class=\"wp-block-separator has-text-color has-palette-color-1-color has-alpha-channel-opacity has-palette-color-1-background-color has-background is-style-wide\"\/>\n\n\n\n<h2 class=\"wp-block-heading\"><strong>\u00bfC\u00f3mo funciona?<\/strong><\/h2>\n\n\n\n<p>Comienza&nbsp;el viernes con el turno de \u201cmicro abierto\u201d, los asistentes est\u00e1n invitados a poner presentar sus mejores ideas\u2026 en un intenso minuto y seducir a otros participantes a unirse a su equipo. Tras escuchar todas las ideas se realiza una votaci\u00f3n entre los participantes para elegir las ideas m\u00e1s populares, y las personas que hayan presentado estas ideas tendr\u00e1n la responsabilidad de formar un equipo con otros participantes dependiendo de las necesidades de su idea.<\/p>\n<\/div>\n<\/div>\n<\/div>\n\n\n\n<p>Durante el s\u00e1bado y el domingo, los equipos dise\u00f1an y dan forma a su startup con la ayuda de mentores y facilitadores hasta desarrollar finalmente el plan de negocio.<\/p>\n\n\n\n<p>El domingo por la tarde los equipos presentan sus prototipos ante un panel de jueces, en un pitch de 5 minutos, que les acabaran de enriquecer sus ideas y adem\u00e1s elegir\u00e1n al ganador del evento y el mejor proyecto de innovaci\u00f3n social.<\/p>\n\n\n\n<div class=\"wp-block-group is-layout-constrained wp-block-group-is-layout-constrained\">\n<div class=\"wp-block-group is-layout-constrained wp-block-group-is-layout-constrained\">\n<p><strong>Valencia Startup Weekend<\/strong>\u00a0es la oportunidad perfecta para hacer realidad tu idea con presencia en internet, aprender en tiempo r\u00e9cord sobre las etapas necesarias para formar una empresa y establecer contactos fundamentales con otros profesionales de la industria. Y lo m\u00e1s importante, no necesitas traer una idea. Puedes unirte al equipo que encuentres m\u00e1s atractivo para trabajar en ese proyecto.<\/p>\n\n\n\n<hr class=\"wp-block-separator has-text-color has-palette-color-1-color has-alpha-channel-opacity has-palette-color-1-background-color has-background is-style-wide\"\/>\n\n\n\n<div class=\"wp-block-group is-layout-constrained wp-block-group-is-layout-constrained\">\n<div class=\"wp-block-group is-layout-constrained wp-block-group-is-layout-constrained\">\n<div class=\"wp-block-group is-layout-constrained wp-block-group-is-layout-constrained\">\n<h2 class=\"wp-block-heading\"><strong>\u00bfQui\u00e9nes pueden participar?<\/strong><\/h2>\n\n\n\n<p>Este evento est\u00e1 especialmente enfocado a interesados en recibir feedback y sugerencias acerca de su idea, en buscar un co-fundador o simplemente para aprender una nueva habilidad. Pero esto no cierra las puertas a quienes quieran probar las aguas empresariales para ser emprendedores o intraemprendedores. Los Startup Weekend son \u201caguas internacionales\u201d libres de riesgo: sum\u00e9rgete en el emocionante mundo de los startups.<\/p>\n<\/div>\n\n\n\n<p>Personas con diferentes habilidades: desarrolladores de software, programadores, dise\u00f1adores gr\u00e1ficos y web, gente de negocios, comerciales, marketing y comunicaci\u00f3n, as\u00ed como a emprendedores o intraemprendedores sean iniciados o expertos, as\u00ed como a cualquier persona con inter\u00e9s en poner en marcha una startup, son m\u00e1s que bienvenidos.<\/p>\n\n\n\n<p><\/p>\n<\/div>\n<\/div>\n<\/div>\n<\/div>\n<\/div>\n\n\n\n<div class=\"wp-block-group is-layout-constrained wp-block-group-is-layout-constrained\">\n<div class=\"wp-block-group has-white-background-color has-background is-layout-constrained wp-block-group-is-layout-constrained\" style=\"border-top-left-radius:81px;border-top-right-radius:81px;border-bottom-left-radius:81px;border-bottom-right-radius:81px\">\n<div class=\"wp-block-group is-layout-constrained wp-block-group-is-layout-constrained\">\n<p class=\"has-text-align-center has-large-font-size\"><strong>\u00bfQu\u00e9 hacer despu\u00e9s?<\/strong><\/p>\n<\/div>\n\n\n\n<p class=\"has-text-align-center\">Puedes venir al evento de Valencia Silicon Drinkabout.<\/p>\n\n\n\n<div class=\"wp-block-group is-layout-constrained wp-block-group-is-layout-constrained\">\n<p class=\"has-text-align-center\">Una reuni\u00f3n cada 15 d\u00edas en donde podr\u00e1s tomar algo y compartir conocimientos, experiencias o intereses.\u00a0<\/p>\n\n\n\n<div class=\"wp-block-buttons is-content-justification-center is-layout-flex wp-container-core-buttons-is-layout-a89b3969 wp-block-buttons-is-layout-flex\">\n<div class=\"wp-block-button\"><a class=\"wp-block-button__link has-palette-color-2-background-color has-background has-text-align-center wp-element-button\" href=\"https:\/\/terretatech.org\/asociacion\/valencia-silicon-drinkabout\/\" style=\"border-style:none;border-width:0px;border-top-left-radius:25px;border-top-right-radius:25px;border-bottom-left-radius:25px;border-bottom-right-radius:25px\">VALENCIA SILICON DRINKABOUT<\/a><\/div>\n<\/div>\n<\/div>\n\n\n\n<figure class=\"wp-block-image aligncenter size-full is-resized is-style-default\" style=\"margin-right:0;margin-left:0\"><img loading=\"lazy\" decoding=\"async\" width=\"800\" height=\"343\" src=\"https:\/\/terretatech.org\/asociacion\/wp-content\/uploads\/2026\/03\/DrinkAbout_Valencia.png\" alt=\"\" class=\"wp-image-190\" style=\"width:365px\" srcset=\"https:\/\/terretatech.org\/asociacion\/wp-content\/uploads\/2026\/03\/DrinkAbout_Valencia.png 800w, https:\/\/terretatech.org\/asociacion\/wp-content\/uploads\/2026\/03\/DrinkAbout_Valencia-300x129.png 300w, https:\/\/terretatech.org\/asociacion\/wp-content\/uploads\/2026\/03\/DrinkAbout_Valencia-768x329.png 768w\" sizes=\"auto, (max-width: 800px) 100vw, 800px\" \/><\/figure>\n<\/div>\n<\/div>\n\n\n\n<p><\/p>\n","protected":false},"excerpt":{"rendered":"<p>Valencia Startup Weekend\u00a0es uno de los eventos para emprendedores e intraemprendedores m\u00e1s extendido por todo el mundo. Promovido por\u00a0Techstars\u00a0y apoyado por\u00a0Google for Entrepreneurs, entre otros a nivel internacional, con el objetivo de formar y fomentar en el mundo del emprendimiento.\u00a0Valencia Startup Weekend\u00a0es una oportunidad\u00a0\u00fanica\u00a0para aprender a desarrollar una idea de negocio y hacerla realidad aprendiendo [&hellip;]<\/p>\n","protected":false},"author":2,"featured_media":0,"parent":0,"menu_order":0,"comment_status":"closed","ping_status":"closed","template":"","meta":{"footnotes":""},"class_list":["post-184","page","type-page","status-publish","hentry"],"blocksy_meta":[],"_hostinger_reach_plugin_has_subscription_block":false,"_hostinger_reach_plugin_is_elementor":false,"_links":{"self":[{"href":"https:\/\/terretatech.org\/asociacion\/wp-json\/wp\/v2\/pages\/184","targetHints":{"allow":["GET"]}}],"collection":[{"href":"https:\/\/terretatech.org\/asociacion\/wp-json\/wp\/v2\/pages"}],"about":[{"href":"https:\/\/terretatech.org\/asociacion\/wp-json\/wp\/v2\/types\/page"}],"author":[{"embeddable":true,"href":"https:\/\/terretatech.org\/asociacion\/wp-json\/wp\/v2\/users\/2"}],"replies":[{"embeddable":true,"href":"https:\/\/terretatech.org\/asociacion\/wp-json\/wp\/v2\/comments?post=184"}],"version-history":[{"count":3,"href":"https:\/\/terretatech.org\/asociacion\/wp-json\/wp\/v2\/pages\/184\/revisions"}],"predecessor-version":[{"id":196,"href":"https:\/\/terretatech.org\/asociacion\/wp-json\/wp\/v2\/pages\/184\/revisions\/196"}],"wp:attachment":[{"href":"https:\/\/terretatech.org\/asociacion\/wp-json\/wp\/v2\/media?parent=184"}],"curies":[{"name":"wp","href":"https:\/\/api.w.org\/{rel}","templated":true}]}}