{"id":182,"date":"2026-03-05T19:20:06","date_gmt":"2026-03-05T19:20:06","guid":{"rendered":"https:\/\/terretatech.org\/asociacion\/?page_id=182"},"modified":"2026-03-06T09:36:34","modified_gmt":"2026-03-06T09:36:34","slug":"valencia-silicon-drinkabout","status":"publish","type":"page","link":"https:\/\/terretatech.org\/asociacion\/valencia-silicon-drinkabout\/","title":{"rendered":"Valencia Silicon Drinkabout"},"content":{"rendered":"\n<div class=\"wp-block-group has-white-background-color has-background is-layout-constrained wp-block-group-is-layout-constrained\" style=\"border-top-left-radius:30px;border-top-right-radius:30px;border-bottom-left-radius:30px;border-bottom-right-radius:30px\">\n<p><strong>Silicon Drinkabout <\/strong>Valencia consiste en una reuni\u00f3n mensual en viernes, a \u00faltima hora de la tarde (de 20.30 a 22.30) para tomar algo y compartir conocimientos, experiencias o intereses. El objetivo es acelerar las relaciones entre las personas de Valencia que est\u00e1n apostando por crear, innovar y desarrollar nuevas empresas, ideas de negocio o formas de trabajo.<\/p>\n\n\n\n<p>Este evento surgi\u00f3 en Reino Unido de la mano de&nbsp;<strong>3 beards<\/strong>&nbsp;y tiene lugar semanalmente en m\u00e1s de 20 ciudades del mundo.<\/p>\n\n\n\n<blockquote class=\"wp-block-quote is-layout-flow wp-block-quote-is-layout-flow\">\n<p>Partimos del&nbsp;convencimiento&nbsp;de que existe mucho talento en Valencia, capaz de acometer grandes proyectos y se\u00f1alarse como un lugar perfecto para desarrollarse profesionalmente. S\u00f3lo falta que los que ya est\u00e1n apostando por esta realidad compartamos algo m\u00e1s que la ciudad en la que vivimos.<\/p>\n<\/blockquote>\n\n\n\n<figure class=\"wp-block-image size-full\"><img loading=\"lazy\" decoding=\"async\" width=\"800\" height=\"343\" src=\"https:\/\/terretatech.org\/asociacion\/wp-content\/uploads\/2026\/03\/DrinkAbout_Valencia.png\" alt=\"\" class=\"wp-image-190\" srcset=\"https:\/\/terretatech.org\/asociacion\/wp-content\/uploads\/2026\/03\/DrinkAbout_Valencia.png 800w, https:\/\/terretatech.org\/asociacion\/wp-content\/uploads\/2026\/03\/DrinkAbout_Valencia-300x129.png 300w, https:\/\/terretatech.org\/asociacion\/wp-content\/uploads\/2026\/03\/DrinkAbout_Valencia-768x329.png 768w\" sizes=\"auto, (max-width: 800px) 100vw, 800px\" \/><\/figure>\n<\/div>\n\n\n\n<p><\/p>\n\n\n\n<p><\/p>\n","protected":false},"excerpt":{"rendered":"<p>Silicon Drinkabout Valencia consiste en una reuni\u00f3n mensual en viernes, a \u00faltima hora de la tarde (de 20.30 a 22.30) para tomar algo y compartir conocimientos, experiencias o intereses. El objetivo es acelerar las relaciones entre las personas de Valencia que est\u00e1n apostando por crear, innovar y desarrollar nuevas empresas, ideas de negocio o formas [&hellip;]<\/p>\n","protected":false},"author":2,"featured_media":0,"parent":0,"menu_order":0,"comment_status":"closed","ping_status":"closed","template":"","meta":{"footnotes":""},"class_list":["post-182","page","type-page","status-publish","hentry"],"blocksy_meta":[],"_hostinger_reach_plugin_has_subscription_block":false,"_hostinger_reach_plugin_is_elementor":false,"_links":{"self":[{"href":"https:\/\/terretatech.org\/asociacion\/wp-json\/wp\/v2\/pages\/182","targetHints":{"allow":["GET"]}}],"collection":[{"href":"https:\/\/terretatech.org\/asociacion\/wp-json\/wp\/v2\/pages"}],"about":[{"href":"https:\/\/terretatech.org\/asociacion\/wp-json\/wp\/v2\/types\/page"}],"author":[{"embeddable":true,"href":"https:\/\/terretatech.org\/asociacion\/wp-json\/wp\/v2\/users\/2"}],"replies":[{"embeddable":true,"href":"https:\/\/terretatech.org\/asociacion\/wp-json\/wp\/v2\/comments?post=182"}],"version-history":[{"count":4,"href":"https:\/\/terretatech.org\/asociacion\/wp-json\/wp\/v2\/pages\/182\/revisions"}],"predecessor-version":[{"id":216,"href":"https:\/\/terretatech.org\/asociacion\/wp-json\/wp\/v2\/pages\/182\/revisions\/216"}],"wp:attachment":[{"href":"https:\/\/terretatech.org\/asociacion\/wp-json\/wp\/v2\/media?parent=182"}],"curies":[{"name":"wp","href":"https:\/\/api.w.org\/{rel}","templated":true}]}}